{"id":45,"date":"2019-02-16T16:22:06","date_gmt":"2019-02-16T16:22:06","guid":{"rendered":"https:\/\/www.feterand.com\/index.php\/demo-about\/"},"modified":"2024-07-04T08:58:17","modified_gmt":"2024-07-04T08:58:17","slug":"about","status":"publish","type":"page","link":"https:\/\/www.feterand.com\/index.php\/about\/","title":{"rendered":"About"},"content":{"rendered":"<div id=\"cs-content\" class=\"cs-content\"><div class=\"x-section e45-e1 m19-0 m19-1\"><div class=\"x-row e45-e2 m19-a m19-b m19-c m19-d m19-e m19-f m19-g m19-h m19-n m19-o\"><div class=\"x-row-inner\"><div class=\"x-col e45-e3 m19-11 m19-12\"><div class=\"x-text x-text-headline e45-e4 m19-15 m19-16\"><div class=\"x-text-content\"><div class=\"x-text-content-text\"><h1 class=\"x-text-content-text-primary\">Pasi&oacute;n por lo que hacemos&nbsp;<\/h1>\n<\/div><\/div><\/div><div class=\"x-text x-content e45-e5 m19-18 m19-19 m19-1a m19-1b m19-1c m19-1d m19-1e\">A pesar de los diferentes tropiezos que la vida me ha ido poniendo , me gusta lo que hago\u00a0 . Empiezo cada nuevo proyecto como si fuera el primero y doy todo lo que tengo para que su conclusi\u00f3n sea la mejor . Su curioso e inquieto. No se estar sin probar siempre cosas nuevas, estudiar nuevas ideas, y destripar y comprender todo lo que cae en mis manos. Y mi equipo siempre dispuesto.<\/div><\/div><\/div><\/div><\/div><div class=\"x-section e45-e6 m19-0 m19-2 m19-3 m19-4 x-force-full-width head_spacer\"><div class=\"x-bg\" aria-hidden=\"true\"><div class=\"x-bg-layer-lower-image\"><\/div><\/div><div class=\"x-row x-container max width e45-e7 m19-a m19-e m19-g m19-h m19-i m19-n m19-p\"><div class=\"x-row-inner\"><div class=\"x-col e45-e8 m19-11 m19-12\"><hr class=\"x-line e45-e9 m19-1p\"\/><\/div><\/div><\/div><\/div><div class=\"x-section e45-e10 m19-0 m19-5 m19-6 x-force-full-width x-padded\"><div class=\"x-row e45-e11 m19-a m19-e m19-g m19-h m19-i m19-n m19-q\"><div class=\"x-row-inner\"><div class=\"x-col e45-e12 m19-11 m19-12\"><span class=\"x-image e45-e13 m19-1q m19-1r\"><img decoding=\"async\" src=\"https:\/\/www.feterand.com\/wp-content\/uploads\/2024\/05\/Hero2.jpg\" width=\"1170\" height=\"442\" alt=\"Image\" loading=\"lazy\"><\/span><\/div><\/div><\/div><\/div><div class=\"x-section e45-e14 m19-0 m19-3 m19-6 m19-7 x-force-full-width\"><div class=\"x-row e45-e15 m19-a m19-b m19-c m19-d m19-e m19-f m19-h m19-n m19-r\"><div class=\"x-row-inner\"><div class=\"x-col e45-e16 m19-11 m19-12\"><div class=\"x-text x-content e45-e17 m19-19 m19-1a m19-1b m19-1f m19-1g m19-1h m19-1i\"><p>A&ntilde;os. proyectos, ideas , desarrollos . Solo n&uacute;meros de una trayectoria, siempre con ilusi&oacute;n, y pensando cada d&iacute;a en nuevos retos. N&uacute;meros que crecen y seguir&aacute;n creciendo<\/p><\/div><\/div><\/div><\/div><div class=\"x-row e45-e18 m19-a m19-c m19-j m19-k m19-s m19-t\"><div class=\"x-row-inner\"><div class=\"x-col e45-e19 m19-11 m19-12\"><div class=\"x-counter e45-e20 m19-1t\" data-x-element-counter=\"{&quot;to&quot;:&quot;450&quot;,&quot;speed&quot;:&quot;1.5s&quot;,&quot;commaSeparatedDecimal&quot;:false}\"><div class=\"x-counter-number-wrap\"><span class=\"x-counter-number\">0<\/span><span class=\"x-counter-number-suffix\">+<\/span><\/div><\/div><hr class=\"x-line e45-e21 m19-1u m19-1v\"\/><div class=\"x-text x-content e45-e22 m19-19 m19-1a m19-1b m19-1c m19-1h m19-1j\"><p>Innovando y estudiando todo lo que puedo<\/p><\/div><\/div><div class=\"x-col e45-e23 m19-11 m19-12\"><div class=\"x-counter e45-e24 m19-1t\" data-x-element-counter=\"{&quot;to&quot;:&quot;100&quot;,&quot;speed&quot;:&quot;1.5s&quot;,&quot;commaSeparatedDecimal&quot;:false}\"><div class=\"x-counter-number-wrap\"><span class=\"x-counter-number\">0<\/span><span class=\"x-counter-number-suffix\">..<\/span><\/div><\/div><hr class=\"x-line e45-e25 m19-1u m19-1v\"\/><div class=\"x-text x-content e45-e26 m19-19 m19-1a m19-1b m19-1c m19-1h m19-1j\">Muchos proyectos satisfactorios<\/div><\/div><div class=\"x-col e45-e27 m19-11 m19-12\"><div class=\"x-counter e45-e28 m19-1t\" data-x-element-counter=\"{&quot;to&quot;:&quot;30&quot;,&quot;speed&quot;:&quot;1.5s&quot;,&quot;commaSeparatedDecimal&quot;:false}\"><div class=\"x-counter-number-wrap\"><span class=\"x-counter-number\">0<\/span><\/div><\/div><hr class=\"x-line e45-e29 m19-1u m19-1v\"\/><div class=\"x-text x-content e45-e30 m19-19 m19-1a m19-1b m19-1c m19-1h m19-1j\">Muchos a\u00f1os ya<\/div><\/div><\/div><\/div><\/div><div class=\"x-section e45-e31 m19-0 m19-2 m19-3 x-force-full-width x-rtl \"><div class=\"x-row e45-e32 m19-a m19-e m19-g m19-h m19-i m19-n m19-u\"><div class=\"x-row-inner\"><div class=\"x-col e45-e33 m19-11 m19-12\"><span class=\"x-image e45-e34 m19-1q m19-1s\"><img decoding=\"async\" src=\"https:\/\/www.feterand.com\/wp-content\/uploads\/2024\/04\/myself.jpg\" width=\"980\" height=\"787\" alt=\"Image\" loading=\"lazy\"><\/span><\/div><div class=\"x-col e45-e35 m19-11 m19-12\"><span class=\"x-image e45-e36 m19-1q m19-1s\"><img decoding=\"async\" src=\"https:\/\/www.feterand.com\/wp-content\/uploads\/2024\/03\/Rectangle-Copy-2-1.jpg\" width=\"980\" height=\"787\" alt=\"Image\" loading=\"lazy\"><\/span><\/div><\/div><\/div><\/div><div class=\"x-section e45-e37 m19-0 m19-7 m19-8 x-force-full-width\"><div class=\"x-row e45-e38 m19-a m19-c m19-d m19-e m19-k m19-l m19-s m19-v\"><div class=\"x-row-inner\"><div class=\"x-col e45-e39 m19-11 m19-12\"><div class=\"x-text x-text-headline e45-e40 m19-16 m19-17\"><div class=\"x-text-content\"><div class=\"x-text-content-text\"><h1 class=\"x-text-content-text-primary\">Quien Soy<\/h1>\n<\/div><\/div><\/div><\/div><div class=\"x-col e45-e41 m19-11 m19-12\"><hr class=\"x-line e45-e42 m19-1u m19-1w\"\/><\/div><div class=\"x-col e45-e43 m19-11 m19-12\"><div class=\"x-text x-content e45-e44 m19-1a m19-1b m19-1c m19-1d m19-1e m19-1k m19-1l\"><p>Formaci&oacute;n en Ingenier&iacute;a , autodidacta en muchas otras ramas, siempre que he podido he ido donde estaban los mejores para aprender con ellos .&nbsp;<\/p><\/div><\/div><\/div><\/div><div class=\"x-row e45-e45 m19-a m19-c m19-d m19-e m19-k m19-l m19-s m19-w\"><div class=\"x-row-inner\"><div class=\"x-col e45-e46 m19-11 m19-12\"><div class=\"x-text x-text-headline e45-e47 m19-16 m19-17\"><div class=\"x-text-content\"><div class=\"x-text-content-text\"><h1 class=\"x-text-content-text-primary\">Logros<\/h1>\n<\/div><\/div><\/div><\/div><div class=\"x-col e45-e48 m19-11 m19-12\"><hr class=\"x-line e45-e49 m19-1u m19-1w\"\/><\/div><div class=\"x-col e45-e50 m19-11 m19-12\"><div class=\"x-text x-content e45-e51 m19-1a m19-1b m19-1c m19-1d m19-1e m19-1k m19-1l\"><p>Desde una serie de dibujos animados, v\u00eddeos con inserci\u00f3n de construcciones 3d realizadas por buena parte del globo, hasta la idea programaci\u00f3n y\u00a0 despliegue de aplicaciones para educaci\u00f3n,\u00a0 ERP , app android e IOS , colaboraci\u00f3n en distintos proyectos que han sido aut\u00e9nticos retos, conexi\u00f3n de datos entre bases de datos y aplicaciones distintas . Pocos retos se me han resistido. Muchos lenguajes de programaci\u00f3n , algunos servidores .<\/p>\n<p>Resumir una vida se hace dif\u00edcil. Conozc\u00e1monos y\u00a0 nos contaremos nuestras vivencias.<\/p><\/div><a class=\"x-anchor x-anchor-button has-graphic e45-e52 m19-1x\" tabindex=\"0\" href=\"#\"><div class=\"x-anchor-content\"><span class=\"x-graphic\" aria-hidden=\"true\"><span class=\"x-image x-graphic-child x-graphic-image x-graphic-primary\"><img decoding=\"async\" src=\"https:\/\/www.feterand.com\/wp-content\/uploads\/2024\/03\/white_button_03.jpg\" width=\"66\" height=\"23\" alt=\"Image\" loading=\"lazy\"><\/span><\/span><div class=\"x-anchor-text\"><span class=\"x-anchor-text-primary\">Ver Servicios<\/span><\/div><\/div><\/a><\/div><\/div><\/div><div class=\"x-row e45-e53 m19-a m19-c m19-d m19-e m19-k m19-l m19-s m19-x\"><div class=\"x-row-inner\"><div class=\"x-col e45-e54 m19-11 m19-12\"><div class=\"x-text x-text-headline e45-e55 m19-16 m19-17\"><div class=\"x-text-content\"><div class=\"x-text-content-text\"><h1 class=\"x-text-content-text-primary\">Experiencias<\/h1>\n<\/div><\/div><\/div><\/div><div class=\"x-col e45-e56 m19-11 m19-12\"><hr class=\"x-line e45-e57 m19-1u m19-1w\"\/><\/div><div class=\"x-col e45-e58 m19-11 m19-12\"><div class=\"x-text x-content e45-e59 m19-1a m19-1b m19-1c m19-1d m19-1e m19-1k m19-1l\"><p>Adem&aacute;s de divertirme trabajando , me he metido en muchos fregaos , para ayudar, aportar, lo que he podido.&nbsp; Fui presidente de Dlabs, un hackerspace donde pasamos muy buenos ratos. He participado con Agile Arag&oacute;n, Cachirulo Valley , Zagales HackLab . vaya, que me gusta el barro . Si me piden ayuda y esta en mi mano , que nadie dude que ir&eacute; y lo dar&eacute; todo, sin pedir nada. Soy as&iacute; que le voy a hacer.&nbsp;<\/p>\n<p>Ah si, es unos dias cumplir&eacute; otra de las cosas que quer&iacute;a hacer. Ya solo me falta una, que desvelar&eacute; en mi blog&nbsp; &nbsp;, pero voy a seguir dando mal.<\/p><\/div><\/div><\/div><\/div><div class=\"x-row x-container max width e45-e60 m19-a m19-e m19-h m19-i m19-n m19-y\"><div class=\"x-row-inner\"><div class=\"x-col e45-e61 m19-11 m19-12\"><hr class=\"x-line e45-e62 m19-1p\"\/><\/div><\/div><\/div><\/div><div class=\"x-section e45-e63 m19-0 m19-6 m19-8 m19-9 x-force-full-width\"><div class=\"x-row e45-e64 m19-a m19-c m19-e m19-f m19-h m19-m m19-n m19-z\"><div class=\"x-row-inner\"><div class=\"x-col e45-e65 m19-11 m19-13 m19-14\"><div class=\"x-text x-content e45-e66 m19-19 m19-1a m19-1b m19-1g m19-1h m19-1i m19-1m\"><p>Perd&oacute;n, gracias,&nbsp; por favor, una filosof&iacute;a de vida<\/p><\/div><div class=\"x-text x-content e45-e67 m19-1a m19-1c m19-1d m19-1i m19-1k m19-1l m19-1n\"><p>Siempre me han gustado esas 3 palabras , que repito una y otra vez ,. Si pido algo lo hago por favor, digo gracias casi en demas&iacute;a , pido perd&oacute;n para todo siempre que tenga a alguien cerca.<\/p>\n<p>Quiz&aacute; se pueda pensar que lo hago en demas&iacute;a, pero as&iacute; me ense&ntilde;aron, as&iacute; son nuestros hijos, y estamos muy orgullosos de ellos, y de como se ha desarrollado mi vida. No podr&eacute; dejar mucho legado, pero , si lo piensas bien, que la gente que quieres tenga esa educaci&oacute;n y lo demuestre a cada paso es un orgullo.<\/p>\n<p>Aplicar esta regla, solo me ha dado alegrias y .... Comming soon , in the blog<\/p><\/div><\/div><div class=\"x-col e45-e68 m19-11 m19-12 m19-13\"><span class=\"x-image e45-e69 m19-1q m19-1s\"><img decoding=\"async\" src=\"https:\/\/www.feterand.com\/wp-content\/uploads\/2024\/03\/parde.jpg\" width=\"384\" height=\"251\" alt=\"Image\" loading=\"lazy\"><\/span><\/div><\/div><\/div><div class=\"x-row e45-e70 m19-a m19-b m19-c m19-d m19-e m19-f m19-g m19-h m19-n m19-10\"><div class=\"x-row-inner\"><div class=\"x-col e45-e71 m19-11 m19-12\"><div class=\"x-text x-content e45-e72 m19-1a m19-1b m19-1g m19-1h m19-1i m19-1l m19-1m m19-1o\"><\/div><\/div><\/div><\/div><\/div><\/div>\n","protected":false},"excerpt":{"rendered":"<p>Pasi&oacute;n por lo que hacemos&nbsp; A pesar de los diferentes tropiezos que la vida me ha ido poniendo , me gusta lo que hago\u00a0 . Empiezo cada nuevo proyecto como si fuera el primero y doy todo lo que tengo &#8230; <\/p>\n<div><a href=\"https:\/\/www.feterand.com\/index.php\/about\/\" class=\"more-link\">Read More<\/a><\/div>\n","protected":false},"author":1,"featured_media":0,"parent":0,"menu_order":0,"comment_status":"closed","ping_status":"closed","template":"template-blank-4.php","meta":{"footnotes":""},"class_list":["post-45","page","type-page","status-publish","hentry","no-post-thumbnail"],"_links":{"self":[{"href":"https:\/\/www.feterand.com\/index.php\/wp-json\/wp\/v2\/pages\/45","targetHints":{"allow":["GET"]}}],"collection":[{"href":"https:\/\/www.feterand.com\/index.php\/wp-json\/wp\/v2\/pages"}],"about":[{"href":"https:\/\/www.feterand.com\/index.php\/wp-json\/wp\/v2\/types\/page"}],"author":[{"embeddable":true,"href":"https:\/\/www.feterand.com\/index.php\/wp-json\/wp\/v2\/users\/1"}],"replies":[{"embeddable":true,"href":"https:\/\/www.feterand.com\/index.php\/wp-json\/wp\/v2\/comments?post=45"}],"version-history":[{"count":11,"href":"https:\/\/www.feterand.com\/index.php\/wp-json\/wp\/v2\/pages\/45\/revisions"}],"predecessor-version":[{"id":147,"href":"https:\/\/www.feterand.com\/index.php\/wp-json\/wp\/v2\/pages\/45\/revisions\/147"}],"wp:attachment":[{"href":"https:\/\/www.feterand.com\/index.php\/wp-json\/wp\/v2\/media?parent=45"}],"curies":[{"name":"wp","href":"https:\/\/api.w.org\/{rel}","templated":true}]}}