{"id":79,"date":"2019-02-10T16:01:12","date_gmt":"2019-02-10T16:01:12","guid":{"rendered":"https:\/\/www.feterand.com\/index.php\/demo-home-2\/"},"modified":"2024-07-04T09:33:42","modified_gmt":"2024-07-04T09:33:42","slug":"home","status":"publish","type":"page","link":"https:\/\/www.feterand.com\/","title":{"rendered":"HOME"},"content":{"rendered":"<div id=\"cs-content\" class=\"cs-content\"><div class=\"x-section e79-e1 m27-0 m27-1 m27-2\"><div class=\"x-row e79-e2 m27-b m27-c m27-d m27-e m27-f m27-g m27-h m27-i m27-j m27-p m27-q\"><div class=\"x-row-inner\"><div class=\"x-col e79-e3 m27-z\"><div class=\"x-text x-text-headline e79-e4 m27-10 m27-11 m27-12 m27-13 m27-14 m27-15\"><div class=\"x-text-content\"><div class=\"x-text-content-text\"><h1 class=\"x-text-content-text-primary\">Andr&eacute;s G&oacute;mez<\/h1>\n<span class=\"x-text-content-text-subheadline\">Idea Developer<\/span><\/div><\/div><\/div><div class=\"x-text x-content e79-e5 m27-1b m27-1c m27-1d m27-1e m27-1f m27-1g\">Emprendedor , Consultor IT . M\u00e1s de 30 a\u00f1os aprendiendo, creando y disfrutando con todo tipo de tecnologias. En relidad mi primer contacto con algo serio fue a los 16 hackeando un spectrum 48<\/div><\/div><div class=\"x-col e79-e6 m27-z\"><div class=\"x-text x-content e79-e7 m27-1c m27-1d m27-1f m27-1h m27-1i\"><a href=\"https:\/\/twitter.com\/IsocAragon\/\"><i  class=\"x-icon x-icon-twitter\" data-x-icon-b=\"&#xf099;\" aria-hidden=\"true\"><\/i><\/a><a href=\"http:\/\/linkedin.com\/in\/feterand\"><i  class=\"x-icon x-icon-linkedin\" data-x-icon-b=\"&#xf08c;\" aria-hidden=\"true\"><\/i><\/a><\/div><\/div><\/div><\/div><\/div><div class=\"x-section e79-e8 m27-0 m27-2 m27-3 m27-4 x-force-full-width head_spacer\"><div class=\"x-bg\" aria-hidden=\"true\"><div class=\"x-bg-layer-lower-image\"><\/div><\/div><div class=\"x-row e79-e9 m27-b m27-d m27-e m27-i m27-j m27-k m27-p m27-r\"><div class=\"x-row-inner\"><div class=\"x-col e79-e10 m27-z\"><hr class=\"x-line e79-e11 m27-1m\"\/><\/div><\/div><\/div><\/div><div class=\"x-section e79-e12 m27-0 m27-2 m27-5 m27-6 x-force-full-width x-padded\"><div class=\"x-row e79-e13 m27-b m27-d m27-e m27-i m27-j m27-k m27-p m27-s\"><div class=\"x-row-inner\"><div class=\"x-col e79-e14 m27-z\"><span class=\"x-image e79-e15 m27-1n m27-1o\"><img decoding=\"async\" src=\"https:\/\/www.feterand.com\/wp-content\/uploads\/2024\/03\/Hero.jpg\" width=\"1170\" height=\"442\" alt=\"Image\" loading=\"lazy\"><\/span><\/div><\/div><\/div><\/div><div class=\"x-section e79-e16 m27-0 m27-6 m27-7 m27-8 x-force-full-width\"><div class=\"x-row e79-e17 m27-b m27-d m27-e m27-f m27-g m27-h m27-i m27-j m27-p m27-t\"><div class=\"x-row-inner\"><div class=\"x-col e79-e18 m27-z\"><div class=\"x-text x-content e79-e19 m27-1c m27-1d m27-1e m27-1i m27-1j m27-1k\">Desde muy peque\u00f1o me ha inquietado cualquier aparato electr\u00f3nico, siempre la he destripado, investigado . Ahora hago lo mismo pero con software , hardware , y cualquier tipo de dispositivo IOT que caiga en mis manos o que me pueda permitir<\/div><a class=\"x-anchor x-anchor-button has-graphic e79-e20 m27-1q\" tabindex=\"0\" href=\"#\"><div class=\"x-anchor-content\"><span class=\"x-graphic\" aria-hidden=\"true\"><span class=\"x-image x-graphic-child x-graphic-image x-graphic-primary\"><img decoding=\"async\" src=\"https:\/\/www.feterand.com\/wp-content\/uploads\/2024\/03\/button_icon_29.jpg\" width=\"126\" height=\"44\" alt=\"Image\" loading=\"lazy\"><\/span><\/span><div class=\"x-anchor-text\"><span class=\"x-anchor-text-primary\">Contact Me<\/span><\/div><\/div><\/a><div class=\"x-text x-text-headline e79-e21 m27-11 m27-12 m27-13 m27-16 m27-17 m27-18\"><div class=\"x-text-content\"><div class=\"x-text-content-text\"><h1 class=\"x-text-content-text-primary\">En que te puedo ayudar<\/h1>\n<\/div><\/div><\/div><hr class=\"x-line e79-e22 m27-1m\"\/><\/div><\/div><\/div><\/div><div class=\"x-section e79-e23 m27-0 m27-2 m27-5 m27-9\"><div class=\"x-row e79-e24 m27-b m27-f m27-g m27-h m27-i m27-j m27-l m27-m m27-p m27-u\"><div class=\"x-row-inner\"><div class=\"x-col e79-e25 m27-z\"><div class=\"cs-content x-global-block x-global-block-59 e79-e26\"><div class=\"x-section e59-e2 m1n-0\"><div class=\"x-row e59-e3 m1n-1 m1n-2\"><div class=\"x-row-inner\"><div class=\"x-col e59-e4 m1n-3\"><span class=\"x-image e59-e5 m1n-4\"><img decoding=\"async\" src=\"https:\/\/www.feterand.com\/wp-content\/uploads\/2024\/03\/comp.jpg\" width=\"664\" height=\"664\" alt=\"Image\" loading=\"lazy\"><\/span><div class=\"x-text x-text-headline e59-e6 m1n-5\"><div class=\"x-text-content\"><div class=\"x-text-content-text\">\n<h1 class=\"x-text-content-text-primary\">Consultor IT<\/h1><\/div><\/div><\/div><\/div><div class=\"x-col e59-e7 m1n-3\"><span class=\"x-image e59-e8 m1n-4\"><img decoding=\"async\" src=\"https:\/\/www.feterand.com\/wp-content\/uploads\/2024\/03\/ai.jpg\" width=\"664\" height=\"664\" alt=\"Image\" loading=\"lazy\"><\/span><div class=\"x-text x-text-headline e59-e9 m1n-5\"><div class=\"x-text-content\"><div class=\"x-text-content-text\">\n<h1 class=\"x-text-content-text-primary\">AI &amp; AGI<\/h1><\/div><\/div><\/div><\/div><div class=\"x-col e59-e10 m1n-3\"><span class=\"x-image e59-e11 m1n-4\"><img decoding=\"async\" src=\"https:\/\/www.feterand.com\/wp-content\/uploads\/2024\/03\/xr.jpg\" width=\"664\" height=\"664\" alt=\"Image\" loading=\"lazy\"><\/span><div class=\"x-text x-text-headline e59-e12 m1n-5\"><div class=\"x-text-content\"><div class=\"x-text-content-text\">\n<h1 class=\"x-text-content-text-primary\">XR &amp; 3d for education<\/h1><\/div><\/div><\/div><\/div><div class=\"x-col e59-e13 m1n-3\"><span class=\"x-image e59-e14 m1n-4\"><img decoding=\"async\" src=\"https:\/\/www.feterand.com\/wp-content\/uploads\/2024\/03\/iot.jpg\" width=\"664\" height=\"664\" alt=\"Image\" loading=\"lazy\"><\/span><div class=\"x-text x-text-headline e59-e15 m1n-5\"><div class=\"x-text-content\"><div class=\"x-text-content-text\">\n<h1 class=\"x-text-content-text-primary\">IOT Research and Develop<\/h1><\/div><\/div><\/div><\/div><div class=\"x-col e59-e16 m1n-3\"><span class=\"x-image e59-e17 m1n-4\"><img decoding=\"async\" src=\"https:\/\/www.feterand.com\/wp-content\/uploads\/2024\/03\/Rectangle-Copy-17.jpg\" width=\"664\" height=\"664\" alt=\"Image\" loading=\"lazy\"><\/span><div class=\"x-text x-text-headline e59-e18 m1n-5\"><div class=\"x-text-content\"><div class=\"x-text-content-text\">\n<h1 class=\"x-text-content-text-primary\">Internet Society<\/h1><\/div><\/div><\/div><\/div><div class=\"x-col e59-e19 m1n-3\"><span class=\"x-image e59-e20 m1n-4\"><img decoding=\"async\" src=\"https:\/\/www.feterand.com\/wp-content\/uploads\/2024\/03\/fsdev.jpg\" width=\"664\" height=\"664\" alt=\"Image\" loading=\"lazy\"><\/span><div class=\"x-text x-text-headline e59-e21 m1n-5\"><div class=\"x-text-content\"><div class=\"x-text-content-text\">\n<h1 class=\"x-text-content-text-primary\">Full Stack Developer<\/h1><\/div><\/div><\/div><\/div><\/div><\/div><\/div><\/div><\/div><\/div><\/div><\/div><div class=\"x-section e79-e27 m27-0 m27-2 m27-6 m27-7 m27-a x-force-full-width\"><div class=\"x-row e79-e28 m27-b m27-d m27-e m27-f m27-g m27-h m27-i m27-j m27-p m27-v\"><div class=\"x-row-inner\"><div class=\"x-col e79-e29 m27-z\"><div class=\"x-text x-text-headline e79-e30 m27-11 m27-12 m27-13 m27-17 m27-18\"><div class=\"x-text-content\"><div class=\"x-text-content-text\"><h1 class=\"x-text-content-text-primary\">Donde te puedo ayudar<\/h1>\n<\/div><\/div><\/div><\/div><\/div><\/div><div class=\"x-row e79-e31 m27-b m27-d m27-e m27-g m27-n m27-w\"><div class=\"x-row-inner\"><div class=\"x-col e79-e32 m27-z\"><div class=\"x-text x-text-headline e79-e33 m27-11 m27-12 m27-14 m27-17 m27-19\"><div class=\"x-text-content\"><div class=\"x-text-content-text\"><h1 class=\"x-text-content-text-primary\">Identidad<\/h1>\n<\/div><\/div><\/div><\/div><div class=\"x-col e79-e34 m27-z\"><hr class=\"x-line e79-e35 m27-1r\"\/><\/div><div class=\"x-col e79-e36 m27-z\"><div class=\"x-text x-content e79-e37 m27-1b m27-1d m27-1e m27-1f m27-1k m27-1l\">Por suerte o desgracia he hecho muchas cosas, desde pel\u00edculas de animaci\u00f3n 3d a despliegues de servidores, aplicaciones de escritorio y m\u00f3viles , puesta en marcha de complejas aplicaciones, o dise\u00f1o de soluciones que luego otros han realizado . Nunca oculto mis conocimientos a el equipo con el que trabajo. Como dec\u00eda un buen amigo , \u00bf para que ocultarte lo que s\u00e9 si estamos juntos en esto ?<\/div><\/div><\/div><\/div><div class=\"x-row e79-e38 m27-b m27-d m27-e m27-i m27-j m27-k m27-p m27-x\"><div class=\"x-row-inner\"><div class=\"x-col e79-e39 m27-z\"><hr class=\"x-line e79-e40 m27-1m\"\/><\/div><\/div><\/div><\/div><div class=\"x-section e79-e41 m27-0 m27-2 m27-3 no-right-padding\"><div class=\"x-row e79-e42 m27-b m27-e m27-f m27-g m27-i m27-m m27-o m27-y\"><div class=\"x-row-inner\"><div class=\"x-col e79-e43 m27-z\"><span class=\"x-image e79-e44 m27-1n m27-1p\"><img decoding=\"async\" src=\"https:\/\/www.feterand.com\/wp-content\/uploads\/2024\/03\/start.jpg\" width=\"617\" height=\"657\" alt=\"Image\" loading=\"lazy\"><\/span><div class=\"x-text x-text-headline e79-e45 m27-11 m27-13 m27-14 m27-15 m27-17 m27-1a\"><div class=\"x-text-content\"><div class=\"x-text-content-text\"><h1 class=\"x-text-content-text-primary\">Tech Startup<\/h1>\n<span class=\"x-text-content-text-subheadline\">Mi experiencia puede ayudarte a desplegar la parte tecnol\u00f3gica de tu nuevo proyecto<\/span><\/div><\/div><\/div><\/div><div class=\"x-col e79-e46 m27-z\"><span class=\"x-image e79-e47 m27-1n m27-1p\"><img decoding=\"async\" src=\"https:\/\/www.feterand.com\/wp-content\/uploads\/2024\/03\/agile.jpg\" width=\"308\" height=\"328\" alt=\"Image\" loading=\"lazy\"><\/span><div class=\"x-text x-text-headline e79-e48 m27-11 m27-13 m27-14 m27-15 m27-17 m27-1a\"><div class=\"x-text-content\"><div class=\"x-text-content-text\"><h1 class=\"x-text-content-text-primary\">Proyecto<\/h1>\n<span class=\"x-text-content-text-subheadline\">\u00bf Te ayudo a coordinar tu proyecto ? Con metodologias \u00e1giles y un poco de alegria <\/span><\/div><\/div><\/div><\/div><div class=\"x-col e79-e49 m27-z\"><span class=\"x-image e79-e50 m27-1n m27-1p\"><img decoding=\"async\" src=\"https:\/\/www.feterand.com\/wp-content\/uploads\/2024\/03\/dev.jpg\" width=\"308\" height=\"328\" alt=\"Image\" loading=\"lazy\"><\/span><div class=\"x-text x-text-headline e79-e51 m27-11 m27-13 m27-14 m27-15 m27-17 m27-1a\"><div class=\"x-text-content\"><div class=\"x-text-content-text\"><h1 class=\"x-text-content-text-primary\">Full Stack<\/h1>\n<span class=\"x-text-content-text-subheadline\">Me prefieres en la batalla? Cuando las cosas se atascan suelo resolver pronto los problemas<\/span><\/div><\/div><\/div><\/div><div class=\"x-col e79-e52 m27-z\"><span class=\"x-image e79-e53 m27-1n m27-1p\"><img decoding=\"async\" src=\"https:\/\/www.feterand.com\/wp-content\/uploads\/2024\/03\/freelan.jpg\" width=\"308\" height=\"328\" alt=\"Image\" loading=\"lazy\"><\/span><div class=\"x-text x-text-headline e79-e54 m27-11 m27-13 m27-14 m27-15 m27-17 m27-1a\"><div class=\"x-text-content\"><div class=\"x-text-content-text\"><h1 class=\"x-text-content-text-primary\">Freelancers<\/h1>\n<span class=\"x-text-content-text-subheadline\">Podemos unir fuerzas, tu con tu superpoder, y yo con el mio<\/span><\/div><\/div><\/div><\/div><\/div><\/div><\/div><\/div>\n","protected":false},"excerpt":{"rendered":"<p>Andr&eacute;s G&oacute;mez Idea DeveloperEmprendedor , Consultor IT . M\u00e1s de 30 a\u00f1os aprendiendo, creando y disfrutando con todo tipo de tecnologias. En relidad mi primer contacto con algo serio fue a los 16 hackeando un spectrum 48Desde muy peque\u00f1o me &#8230; <\/p>\n<div><a href=\"https:\/\/www.feterand.com\/\" class=\"more-link\">Read More<\/a><\/div>\n","protected":false},"author":1,"featured_media":0,"parent":0,"menu_order":0,"comment_status":"closed","ping_status":"closed","template":"template-blank-4.php","meta":{"footnotes":""},"class_list":["post-79","page","type-page","status-publish","hentry","no-post-thumbnail"],"_links":{"self":[{"href":"https:\/\/www.feterand.com\/index.php\/wp-json\/wp\/v2\/pages\/79","targetHints":{"allow":["GET"]}}],"collection":[{"href":"https:\/\/www.feterand.com\/index.php\/wp-json\/wp\/v2\/pages"}],"about":[{"href":"https:\/\/www.feterand.com\/index.php\/wp-json\/wp\/v2\/types\/page"}],"author":[{"embeddable":true,"href":"https:\/\/www.feterand.com\/index.php\/wp-json\/wp\/v2\/users\/1"}],"replies":[{"embeddable":true,"href":"https:\/\/www.feterand.com\/index.php\/wp-json\/wp\/v2\/comments?post=79"}],"version-history":[{"count":14,"href":"https:\/\/www.feterand.com\/index.php\/wp-json\/wp\/v2\/pages\/79\/revisions"}],"predecessor-version":[{"id":150,"href":"https:\/\/www.feterand.com\/index.php\/wp-json\/wp\/v2\/pages\/79\/revisions\/150"}],"wp:attachment":[{"href":"https:\/\/www.feterand.com\/index.php\/wp-json\/wp\/v2\/media?parent=79"}],"curies":[{"name":"wp","href":"https:\/\/api.w.org\/{rel}","templated":true}]}}